{"id":5239,"date":"2023-01-23T11:20:31","date_gmt":"2023-01-23T10:20:31","guid":{"rendered":"https:\/\/larosasantjordi.cat\/?page_id=5239"},"modified":"2024-03-21T10:32:48","modified_gmt":"2024-03-21T09:32:48","slug":"licencias","status":"publish","type":"page","link":"https:\/\/larosasantjordi.cat\/es\/licencias\/","title":{"rendered":"Licencias"},"content":{"rendered":"<section class=\"wpb-content-wrapper\"><p>[vc_row color_skin=&#8221;skin-dark&#8221; content_width=&#8221;full&#8221; equal_height=&#8221;yes&#8221; content_placement=&#8221;middle&#8221; css=&#8221;.vc_custom_1674469087223{background-image: url(https:\/\/larosasantjordi.cat\/wp-content\/uploads\/2023\/01\/close-up-of-lovely-red-rose-scaled.jpg?id=4643) !important;background-position: center !important;background-repeat: no-repeat !important;background-size: cover !important;}&#8221;][vc_column][gsf_space desktop=&#8221;250&#8243; tablet=&#8221;250&#8243; tablet_portrait=&#8221;200&#8243; mobile_landscape=&#8221;150&#8243; mobile=&#8221;150&#8243;][gsf_video icon_color=&#8221;#ffffff&#8221; icon_bg_hover_color=&#8221;#333333&#8243; icon_hover_color=&#8221;#ffffff&#8221;][gsf_heading title_font_size=&#8221;48&#8243; sub_title_font_size=&#8221;14&#8243; sub_title_use_theme_fonts=&#8221;&#8221; el_class=&#8221;mg-top-50&#8243; sub_title_typography=&#8221;Lato|regular|400|normal&#8221; css=&#8221;.vc_custom_1708014295868{margin-bottom: 35px !important;}&#8221;]<\/p>\n<h1 style=\"font-family: Space Mono; font-weight: 600;\">LICENCIAS<\/h1>\n<p>[\/gsf_heading][gsf_space desktop=&#8221;215&#8243; tablet=&#8221;195&#8243; tablet_portrait=&#8221;165&#8243; mobile_landscape=&#8221;135&#8243; mobile=&#8221;100&#8243;][\/vc_column][\/vc_row][vc_row gap=&#8221;25&#8243;][vc_column width=&#8221;1\/2&#8243;][gsf_space desktop=&#8221;120&#8243; tablet=&#8221;70&#8243; tablet_portrait=&#8221;60&#8243; mobile_landscape=&#8221;50&#8243; mobile=&#8221;40&#8243;][vc_column_text]Para vender rosas en las calles de Barcelona el d\u00eda de Sant Jordi hace falta un permiso de ocupaci\u00f3n del espacio p\u00fablico, otorgado por la oficina de atenci\u00f3n al ciudadano (OAC).<\/p>\n<p>A continuaci\u00f3n os dejamos un peque\u00f1o FAQ sobre las Licencias y como pod\u00e9is tramitarlas, La Rosa Sant Jordi NO tramita expedientes.<\/p>\n<p>Tambi\u00e9n pod\u00e9is contactar con nosotros a trav\u00e9s del <a href=\"https:\/\/larosasantjordi.cat\/contacto\/\"><strong>formulario web<\/strong><\/a>[\/vc_column_text][vc_single_image image=&#8221;4597&#8243; img_size=&#8221;large&#8221; css_animation=&#8221;bottom-to-top&#8221;][\/vc_column][vc_column width=&#8221;1\/2&#8243;][gsf_space desktop=&#8221;120&#8243; tablet=&#8221;70&#8243; tablet_portrait=&#8221;60&#8243; mobile_landscape=&#8221;60&#8243; mobile=&#8221;40&#8243;][vc_tta_accordion style=&#8221;modern&#8221; active_section=&#8221;1&#8243; css_animation=&#8221;appear&#8221;][vc_tta_section title=&#8221;\u00bfQui\u00e9n puede solicitarla?&#8221; tab_id=&#8221;1674473206494-477c8803-682b&#8221;][vc_column_text]Cualquier persona puede solicitar la licencia, el mismo titular o una persona representante, debidamente autorizada.<\/p>\n<p>El representante tambi\u00e9n debe identificarse al realizar la solicitud.<\/p>\n<p>El titular de la licencia no puede ser un menor en edad escolar obligatoria.<\/p>\n<p>La persona titular no puede tener ninguna deuda tributaria con el Ayuntamiento de Barcelona.[\/vc_column_text][\/vc_tta_section][vc_tta_section title=&#8221;\u00bfC\u00f3mo tramitarla?&#8221; tab_id=&#8221;1674473206536-24a1a5e7-40a9&#8243;][vc_column_text]No hay un l\u00edmite de licencias, si cumples los requisitos te la conceder\u00e1n.<br \/>\nPodr\u00e1s escoger cualquier ubicaci\u00f3n de la ciudad (calle y n\u00famero) menos las calles de Paseo de Gracia y Rambla Catalu\u00f1a.<br \/>\nSi la ubicaci\u00f3n que has elegido est\u00e1 disponible te la otorgar\u00e1n, sino, te mover\u00e1n uno o dos calles, pero siempre las aceptan.<\/p>\n<p>El permiso se puede tramitar en las oficinas de la OAC en Barcelona, \u200b\u200bo en l\u00ednea (que es m\u00e1s f\u00e1cil). Se puede tramitar con idCAT M\u00f3vil.[\/vc_column_text][\/vc_tta_section][vc_tta_section title=&#8221;Enlaces y Documentaci\u00f3n&#8221; tab_id=&#8221;1674474193848-7dd0b61a-ad16&#8243;][vc_column_text]Documentaci\u00f3n:<br \/>\n&#8211; DNI<br \/>\n&#8211; Identificaci\u00f3n Electr\u00f3nica<br \/>\n&#8211; N\u00ba Tel\u00e9fono.<\/p>\n<p>URL para tramitarla:<br \/>\n. <a href=\"https:\/\/seuelectronica.ajuntament.barcelona.cat\/oficinavirtual\/ca\/tramit\/20220001580\">https:\/\/seuelectronica.ajuntament.barcelona.cat\/oficinavirtual\/ca\/tramit\/20220001580<\/a>[\/vc_column_text][\/vc_tta_section][\/vc_tta_accordion][\/vc_column][\/vc_row]<\/p>\n<\/section>","protected":false},"excerpt":{"rendered":"<p>[vc_row color_skin=&#8221;skin-dark&#8221; content_width=&#8221;full&#8221; equal_height=&#8221;yes&#8221; content_placement=&#8221;middle&#8221; css=&#8221;.vc_custom_1674469087223{background-image: url(https:\/\/larosasantjordi.cat\/wp-content\/uploads\/2023\/01\/close-up-of-lovely-red-rose-scaled.jpg?id=4643) !important;background-position: center !important;background-repeat: no-repeat !important;background-size: cover !important;}&#8221;][vc_column][gsf_space desktop=&#8221;250&#8243; tablet=&#8221;250&#8243; tablet_portrait=&#8221;200&#8243; mobile_landscape=&#8221;150&#8243; mobile=&#8221;150&#8243;][gsf_video icon_color=&#8221;#ffffff&#8221; icon_bg_hover_color=&#8221;#333333&#8243; icon_hover_color=&#8221;#ffffff&#8221;][gsf_heading title_font_size=&#8221;48&#8243; sub_title_font_size=&#8221;14&#8243; sub_title_use_theme_fonts=&#8221;&#8221; el_class=&#8221;mg-top-50&#8243; sub_title_typography=&#8221;Lato|regular|400|normal&#8221; css=&#8221;.vc_custom_1708014295868{margin-bottom: 35px !important;}&#8221;] LICENCIAS [\/gsf_heading][gsf_space desktop=&#8221;215&#8243; tablet=&#8221;195&#8243; tablet_portrait=&#8221;165&#8243; mobile_landscape=&#8221;135&#8243; mobile=&#8221;100&#8243;][\/vc_column][\/vc_row][vc_row gap=&#8221;25&#8243;][vc_column width=&#8221;1\/2&#8243;][gsf_space desktop=&#8221;120&#8243; tablet=&#8221;70&#8243; tablet_portrait=&#8221;60&#8243; mobile_landscape=&#8221;50&#8243; mobile=&#8221;40&#8243;][vc_column_text]Para vender rosas en las calles de Barcelona el d\u00eda de Sant [&hellip;]<\/p>\n","protected":false},"author":1,"featured_media":0,"parent":0,"menu_order":0,"comment_status":"closed","ping_status":"closed","template":"","meta":{"footnotes":""},"class_list":["post-5239","page","type-page","status-publish","hentry"],"_links":{"self":[{"href":"https:\/\/larosasantjordi.cat\/es\/wp-json\/wp\/v2\/pages\/5239","targetHints":{"allow":["GET"]}}],"collection":[{"href":"https:\/\/larosasantjordi.cat\/es\/wp-json\/wp\/v2\/pages"}],"about":[{"href":"https:\/\/larosasantjordi.cat\/es\/wp-json\/wp\/v2\/types\/page"}],"author":[{"embeddable":true,"href":"https:\/\/larosasantjordi.cat\/es\/wp-json\/wp\/v2\/users\/1"}],"replies":[{"embeddable":true,"href":"https:\/\/larosasantjordi.cat\/es\/wp-json\/wp\/v2\/comments?post=5239"}],"version-history":[{"count":15,"href":"https:\/\/larosasantjordi.cat\/es\/wp-json\/wp\/v2\/pages\/5239\/revisions"}],"predecessor-version":[{"id":6304,"href":"https:\/\/larosasantjordi.cat\/es\/wp-json\/wp\/v2\/pages\/5239\/revisions\/6304"}],"wp:attachment":[{"href":"https:\/\/larosasantjordi.cat\/es\/wp-json\/wp\/v2\/media?parent=5239"}],"curies":[{"name":"wp","href":"https:\/\/api.w.org\/{rel}","templated":true}]}}