{"id":5289,"date":"2023-02-12T18:21:34","date_gmt":"2023-02-12T17:21:34","guid":{"rendered":"https:\/\/larosasantjordi.cat\/rosas-red-noami-2\/"},"modified":"2024-03-21T10:33:24","modified_gmt":"2024-03-21T09:33:24","slug":"rosas-red-naomi","status":"publish","type":"page","link":"https:\/\/larosasantjordi.cat\/es\/rosas-red-naomi\/","title":{"rendered":"Rosas Red Naomi"},"content":{"rendered":"<section class=\"wpb-content-wrapper\"><p>[vc_row color_skin=&#8221;skin-dark&#8221; content_width=&#8221;full&#8221; equal_height=&#8221;yes&#8221; content_placement=&#8221;middle&#8221; css=&#8221;.vc_custom_1674478635343{background-image: url(https:\/\/larosasantjordi.cat\/wp-content\/uploads\/2023\/01\/sant-jordi-gd061a2a79_1920.jpg?id=4671) !important;background-position: center !important;background-repeat: no-repeat !important;background-size: cover !important;}&#8221;][vc_column][gsf_space desktop=&#8221;250&#8243; tablet=&#8221;250&#8243; tablet_portrait=&#8221;200&#8243; mobile_landscape=&#8221;150&#8243; mobile=&#8221;150&#8243;][gsf_heading title_font_size=&#8221;48&#8243; sub_title_font_size=&#8221;14&#8243; sub_title_use_theme_fonts=&#8221;&#8221; el_class=&#8221;mg-top-50&#8243; sub_title_typography=&#8221;Lato|regular|400|normal&#8221; css=&#8221;.vc_custom_1676306334581{margin-bottom: 35px !important;}&#8221;]<\/p>\n<h1>RED NAOMI<\/h1>\n<p>[\/gsf_heading][gsf_space desktop=&#8221;215&#8243; tablet=&#8221;195&#8243; tablet_portrait=&#8221;165&#8243; mobile_landscape=&#8221;135&#8243; mobile=&#8221;100&#8243;][\/vc_column][\/vc_row][vc_row gap=&#8221;25&#8243;][vc_column width=&#8221;1\/2&#8243;][gsf_space desktop=&#8221;120&#8243; tablet=&#8221;70&#8243; tablet_portrait=&#8221;60&#8243; mobile_landscape=&#8221;50&#8243; mobile=&#8221;40&#8243;][gsf_heading title_font_size=&#8221;48&#8243; sub_title_font_size=&#8221;14&#8243; text_align=&#8221;text-left&#8221; sub_title_use_theme_fonts=&#8221;&#8221; el_class=&#8221;&#8221; sub_title=&#8221;Informaci\u00f3 sobre&#8221; css=&#8221;.vc_custom_1708013454339{padding-bottom: 28px !important;}&#8221; sub_title_typography=&#8221;Lato|regular|400|normal&#8221;]<\/p>\n<h2 class=\"primary-font fs-36 text-italic dark-color lh-1\" style=\"letter-spacing: 0.1em;\">La Nostre Rosa<\/h2>\n<p>[\/gsf_heading][vc_column_text]La Rosa Red Naomi es una variedad de rosa vibrante y llamativa que mide 50 cm de altura. Con su bello color rojo intenso, es una opci\u00f3n popular para la decoraci\u00f3n de jardines y arreglos florales.<\/p>\n<p>Entre las caracter\u00edsticas de la Rosa Red Naomi destacan su resistencia y durabilidad.<\/p>\n<p>Esta rosa es capaz de sobrevivir en condiciones adversas y requiere poco mantenimiento, lo cual la hace ideal para aquellos que quieren disfrutar de un jard\u00edn bello sin tener que dedicar demasiado tiempo a su cuidado.<\/p>\n<p>Adem\u00e1s, la Rosa Red Naomi es una rosa muy perfumada, lo cual la hace ideal para usar en arreglos florales.<\/p>\n<p>Su aroma dulce y suave es perfecto para crear un ambiente acogedor y rom\u00e1ntico en cualquier hogar.<\/p>\n<p>Otra de las ventajas de la Rosa Red Naomi es su tama\u00f1o. Con sus 50 cm de altura, es una rosa impresionante que har\u00e1 una declaraci\u00f3n impactante en cualquier jard\u00edn o arreglo floral.[\/vc_column_text][\/vc_column][vc_column width=&#8221;1\/2&#8243;][gsf_space desktop=&#8221;120&#8243; tablet=&#8221;70&#8243; tablet_portrait=&#8221;60&#8243; mobile_landscape=&#8221;60&#8243; mobile=&#8221;40&#8243;][vc_single_image image=&#8221;5230&#8243; img_size=&#8221;large&#8221; css_animation=&#8221;bottom-to-top&#8221;][\/vc_column][\/vc_row][vc_row gap=&#8221;25&#8243;][vc_column css=&#8221;.vc_custom_1674479818846{margin-top: 50px !important;}&#8221;][gsf_products products_per_page=&#8221;3&#8243; columns=&#8221;3&#8243; columns_md=&#8221;2&#8243; columns_sm=&#8221;2&#8243; columns_xs=&#8221;1&#8243; columns_mb=&#8221;1&#8243;][\/vc_column][\/vc_row]<\/p>\n<\/section>","protected":false},"excerpt":{"rendered":"<p>[vc_row color_skin=&#8221;skin-dark&#8221; content_width=&#8221;full&#8221; equal_height=&#8221;yes&#8221; content_placement=&#8221;middle&#8221; css=&#8221;.vc_custom_1674478635343{background-image: url(https:\/\/larosasantjordi.cat\/wp-content\/uploads\/2023\/01\/sant-jordi-gd061a2a79_1920.jpg?id=4671) !important;background-position: center !important;background-repeat: no-repeat !important;background-size: cover !important;}&#8221;][vc_column][gsf_space desktop=&#8221;250&#8243; tablet=&#8221;250&#8243; tablet_portrait=&#8221;200&#8243; mobile_landscape=&#8221;150&#8243; mobile=&#8221;150&#8243;][gsf_heading title_font_size=&#8221;48&#8243; sub_title_font_size=&#8221;14&#8243; sub_title_use_theme_fonts=&#8221;&#8221; el_class=&#8221;mg-top-50&#8243; sub_title_typography=&#8221;Lato|regular|400|normal&#8221; css=&#8221;.vc_custom_1676306334581{margin-bottom: 35px !important;}&#8221;] RED NAOMI [\/gsf_heading][gsf_space desktop=&#8221;215&#8243; tablet=&#8221;195&#8243; tablet_portrait=&#8221;165&#8243; mobile_landscape=&#8221;135&#8243; mobile=&#8221;100&#8243;][\/vc_column][\/vc_row][vc_row gap=&#8221;25&#8243;][vc_column width=&#8221;1\/2&#8243;][gsf_space desktop=&#8221;120&#8243; tablet=&#8221;70&#8243; tablet_portrait=&#8221;60&#8243; mobile_landscape=&#8221;50&#8243; mobile=&#8221;40&#8243;][gsf_heading title_font_size=&#8221;48&#8243; sub_title_font_size=&#8221;14&#8243; text_align=&#8221;text-left&#8221; sub_title_use_theme_fonts=&#8221;&#8221; el_class=&#8221;&#8221; sub_title=&#8221;Informaci\u00f3 sobre&#8221; css=&#8221;.vc_custom_1708013454339{padding-bottom: 28px !important;}&#8221; sub_title_typography=&#8221;Lato|regular|400|normal&#8221;] La Nostre [&hellip;]<\/p>\n","protected":false},"author":1,"featured_media":0,"parent":0,"menu_order":0,"comment_status":"closed","ping_status":"closed","template":"","meta":{"footnotes":""},"class_list":["post-5289","page","type-page","status-publish","hentry"],"_links":{"self":[{"href":"https:\/\/larosasantjordi.cat\/es\/wp-json\/wp\/v2\/pages\/5289","targetHints":{"allow":["GET"]}}],"collection":[{"href":"https:\/\/larosasantjordi.cat\/es\/wp-json\/wp\/v2\/pages"}],"about":[{"href":"https:\/\/larosasantjordi.cat\/es\/wp-json\/wp\/v2\/types\/page"}],"author":[{"embeddable":true,"href":"https:\/\/larosasantjordi.cat\/es\/wp-json\/wp\/v2\/users\/1"}],"replies":[{"embeddable":true,"href":"https:\/\/larosasantjordi.cat\/es\/wp-json\/wp\/v2\/comments?post=5289"}],"version-history":[{"count":9,"href":"https:\/\/larosasantjordi.cat\/es\/wp-json\/wp\/v2\/pages\/5289\/revisions"}],"predecessor-version":[{"id":6309,"href":"https:\/\/larosasantjordi.cat\/es\/wp-json\/wp\/v2\/pages\/5289\/revisions\/6309"}],"wp:attachment":[{"href":"https:\/\/larosasantjordi.cat\/es\/wp-json\/wp\/v2\/media?parent=5289"}],"curies":[{"name":"wp","href":"https:\/\/api.w.org\/{rel}","templated":true}]}}