{"id":5738,"date":"2023-02-17T11:38:26","date_gmt":"2023-02-17T10:38:26","guid":{"rendered":"https:\/\/larosasantjordi.cat\/aviso-legal\/"},"modified":"2025-03-04T17:03:03","modified_gmt":"2025-03-04T16:03:03","slug":"aviso-legal","status":"publish","type":"page","link":"https:\/\/larosasantjordi.cat\/es\/aviso-legal\/","title":{"rendered":"Aviso Legal"},"content":{"rendered":"<section class=\"wpb-content-wrapper\"><p>[vc_row][vc_column css=&#8221;.vc_custom_1676630933946{padding-top: 50px !important;}&#8221;][vc_column_text el_class=&#8221;&#8221;]Esta p\u00e1gina web, publicada como <a href=\"https:\/\/larosasantjordi.cat\/es\/\">larosasantjordi.cat<\/a>, es responsabilidad de:<\/p>\n<p>LA ROSA SANT JORDI SCP<br \/>\nC\\ Girona, 53 Local.<br \/>\n08009 Barcelona<br \/>\nTel\u00e9fono +34 697 26 40 84<br \/>\n<a href=\"mailto:info@larosasantjordi.cat\">info@larosasantjordi.cat<\/a><\/p>\n<p>&nbsp;<\/p>\n<p><strong>Terminos y condiciones legales<\/strong><\/p>\n<p>Este sitio web y todos sus contenidos, incluyendo los textos, im\u00e1genes, sonidos, bases de datos, c\u00f3digos y cualquier otro material son propiedad de La Rosa Sant Jordi, en adelante LRSJ, o de terceros que hayan autorizado el uso al LRSJ<\/p>\n<p>La Ley 37\/2007, de 16 de noviembre, sobre reutilizaci\u00f3n de la informaci\u00f3n del sector p\u00fablico, que traspone la Directiva 2003\/98\/CE del Parlamento Europeo y del Consejo, regula la reutilizaci\u00f3n de la informaci\u00f3n p\u00fablica de que disponen las administraciones y organismos en que participan mayoritariamente, es decir, el derecho de todos los agentes potenciales del mercado a la reutilizaci\u00f3n de la informaci\u00f3n de las instancias p\u00fablicas.<\/p>\n<p>De acuerdo con esta normativa, LRSJ permite la reproducci\u00f3n, la distribuci\u00f3n, la comunicaci\u00f3n p\u00fablica y la transformaci\u00f3n de la informaci\u00f3n contenida a su p\u00e1gina web siempre que se respeten las condiciones generales que se exponen a continuaci\u00f3n y que se tengan en cuenta las condiciones espec\u00edficas en los casos de obras contenidas al web que tengan una licencia concreta, que es la que prevalece.<\/p>\n<p>Para reutilizar la informaci\u00f3n, hay que respetar las condiciones siguientes:<\/p>\n<p>a) No desnaturalizar el sentido de la informaci\u00f3n.<br \/>\nb) Citar siempre la fuente de la informaci\u00f3n, pero no de una manera que sugiera que LRSJ apoya o ha colaborado en la reutilizaci\u00f3n.<br \/>\nc) Mencionar la fecha de la \u00faltima actualizaci\u00f3n de la informaci\u00f3n.<\/p>\n<p>La reutilizaci\u00f3n puede estar limitada por la tutela de otros bienes jur\u00eddicos prioritarios, como por ejemplo la protecci\u00f3n de los datos personales, la intimidad o los derechos de protecci\u00f3n intelectual de terceros. La reutilizaci\u00f3n de obras protegidas por la propiedad intelectual se formaliza mediante el uso de licencias de difusi\u00f3n abierta, como por ejemplo las de Creative Commons o GNU-PL, que ceden determinados derechos de explotaci\u00f3n de las obras. En los contenidos donde se aplique este tipo de licencias, se permite la reutilizaci\u00f3n en las condiciones que se establezcan.<\/p>\n<p>LRSJ no es responsable de ning\u00fan perjuicio directo o indirecto que pueda ocasionar la exactitud, la veracidad o la exhaustividad de la informaci\u00f3n mencionada, o bien del uso que pudiera hacerse.<\/p>\n<p>Este sitio web puede tener enlaces con p\u00e1ginas externas que LRSJ ofrece como referencia. LRSJ no se responsabiliza ni en cuanto a contenidos ni a cualquier otro aspecto que se derive.<\/p>\n<p>Consultad la <strong><a href=\"https:\/\/larosasantjordi.cat\/es\/politica-de-privacidad\/\">Pol\u00edtica de privacidad<\/a><\/strong>.[\/vc_column_text][\/vc_column][\/vc_row]<\/p>\n<\/section>","protected":false},"excerpt":{"rendered":"<p>[vc_row][vc_column css=&#8221;.vc_custom_1676630933946{padding-top: 50px !important;}&#8221;][vc_column_text el_class=&#8221;&#8221;]Esta p\u00e1gina web, publicada como larosasantjordi.cat, es responsabilidad de: LA ROSA SANT JORDI SCP C\\ Girona, 53 Local. 08009 Barcelona Tel\u00e9fono +34 697 26 40 84 info@larosasantjordi.cat &nbsp; Terminos y condiciones legales Este sitio web y todos sus contenidos, incluyendo los textos, im\u00e1genes, sonidos, bases de datos, c\u00f3digos y cualquier otro [&hellip;]<\/p>\n","protected":false},"author":1,"featured_media":0,"parent":0,"menu_order":0,"comment_status":"closed","ping_status":"closed","template":"","meta":{"footnotes":""},"class_list":["post-5738","page","type-page","status-publish","hentry"],"_links":{"self":[{"href":"https:\/\/larosasantjordi.cat\/es\/wp-json\/wp\/v2\/pages\/5738","targetHints":{"allow":["GET"]}}],"collection":[{"href":"https:\/\/larosasantjordi.cat\/es\/wp-json\/wp\/v2\/pages"}],"about":[{"href":"https:\/\/larosasantjordi.cat\/es\/wp-json\/wp\/v2\/types\/page"}],"author":[{"embeddable":true,"href":"https:\/\/larosasantjordi.cat\/es\/wp-json\/wp\/v2\/users\/1"}],"replies":[{"embeddable":true,"href":"https:\/\/larosasantjordi.cat\/es\/wp-json\/wp\/v2\/comments?post=5738"}],"version-history":[{"count":6,"href":"https:\/\/larosasantjordi.cat\/es\/wp-json\/wp\/v2\/pages\/5738\/revisions"}],"predecessor-version":[{"id":6473,"href":"https:\/\/larosasantjordi.cat\/es\/wp-json\/wp\/v2\/pages\/5738\/revisions\/6473"}],"wp:attachment":[{"href":"https:\/\/larosasantjordi.cat\/es\/wp-json\/wp\/v2\/media?parent=5738"}],"curies":[{"name":"wp","href":"https:\/\/api.w.org\/{rel}","templated":true}]}}