{"id":5750,"date":"2023-02-17T12:21:32","date_gmt":"2023-02-17T11:21:32","guid":{"rendered":"https:\/\/larosasantjordi.cat\/politica-de-privacidad\/"},"modified":"2025-03-04T17:01:49","modified_gmt":"2025-03-04T16:01:49","slug":"politica-de-privacidad","status":"publish","type":"page","link":"https:\/\/larosasantjordi.cat\/es\/politica-de-privacidad\/","title":{"rendered":"Pol\u00edtica de privacidad"},"content":{"rendered":"<section class=\"wpb-content-wrapper\"><p>[vc_row][vc_column css=&#8221;.vc_custom_1676632889001{padding-top: 50px !important;}&#8221;][vc_column_text el_class=&#8221;&#8221;]<\/p>\n<div class=\"component-accordeon__body\">\n<p><strong>Pol\u00edtica de protecci\u00f3n de datos de car\u00e1cter personal<\/strong><\/p>\n<p>La Rosa Sant Jordi, de ahora en adelante LRSJ, garantiza la privacidad de los datos que obtiene de sus usuarios de acuerdo con las exigencias legales vigentes, e informa sobre su pol\u00edtica de protecci\u00f3n de datos de car\u00e1cter personal para que los usuarios determinen libremente y voluntariamente si desean facilitar a LRSJ sus datos personales por medio de cualquier v\u00eda.<\/p>\n<p><strong>Finalidad de la recogida y tratamiento automatizado de los datos de car\u00e1cter personal<\/strong><\/p>\n<p>La recogida y el tratamiento automatizado de los datos personales se lleva a cabo como consecuencia de la consulta, solicitud o suscripci\u00f3n a cualquier servicio, promoci\u00f3n, encuesta o concurso ofrecidos por LRSJ, y tiene como finalidad la mejora de los servicios y la remisi\u00f3n de comunicaciones de inter\u00e9s para los usuarios.<\/p>\n<p><strong>Confidencialidad en el tratamiento automatizado de los datos de car\u00e1cter personal de los usuarios<\/strong><\/p>\n<p>Los datos personales recogidos son incorporadas a los correspondientes ficheros automatizados de LRSJ y reciben un tratamiento confidencial, de acuerdo con el que establece el Reglamento (UE) 2016\/679 del Parlamento Europeo y del Consejo, de 27 de abril de 2016, relativo a la protecci\u00f3n de las personas f\u00edsicas en cuanto al tratamiento de datos personales y a la libre circulaci\u00f3n de estos datos. LRSJ ha adoptado los niveles de seguridad en la protecci\u00f3n de los datos personales legalmente requeridos, y ha instalado todos los medios y medidas t\u00e9cnicas en su alcance para evitar la p\u00e9rdida, mal uso, alteraci\u00f3n, acceso no autorizado y robo de los datos personales facilitados.<\/p>\n<p><strong>Cesi\u00f3n de datos personales de los usuarios a terceros<\/strong><\/p>\n<p>LRSJ no ceder\u00e1 a terceros los datos personales de los usuarios que se recogen por medio de su portal.<\/p>\n<p><strong>Derechos de los usuarios en relaci\u00f3n con sus datos personales<\/strong><\/p>\n<p>Los usuarios tienen reconocidos y pueden ejercer el derechos de acceso, de rectificaci\u00f3n, de cancelaci\u00f3n o supresi\u00f3n y la limitaci\u00f3n, portabilidad y oposici\u00f3n del tratamiento de sus datos, mediante un mensaje a <a href=\"mailto:info@larossantjordi.cat\">info@larossantjordi.cat<\/a> o bien una comunicaci\u00f3n dirigida a LRSJ (calle Girona, 53, local, 08009 Barcelona), acompa\u00f1ante en este caso copia del DNI o cualquier otro medio v\u00e1lido en derecho que permita acreditar su identidad.<\/p>\n<p><strong>Registro de actividades de tratamiento<\/strong><\/p>\n<p>El r<a href=\"https:\/\/larosasantjordi.cat\/wp-content\/uploads\/2023\/02\/rgpd-registrefitxerstractament.xlsx\">egistro de actividades de tratamiento<\/a> recoge la informaci\u00f3n relativa a los tratamientos responsabilidad de LRSJ e incluye, para cada tratamiento, la informaci\u00f3n siguiente:<\/p>\n<ul type=\"disc\">\n<li>Nombre y datos de contacto de el\/la responsable del tratamiento y de el\/la Delegado\/da de Protecci\u00f3n de datos.<\/li>\n<li>Finalidades del tratamiento.<\/li>\n<li>Descripci\u00f3n de las categor\u00edas de personas interesadas y de las categor\u00edas de datos personales.<\/li>\n<li>Categor\u00edas de personas destinatarias a las cuales se pueden comunicar los datos personales.<\/li>\n<li>Transferencias internacionales de datos.<\/li>\n<li>Plazos previstos de supresi\u00f3n de los datos.<\/li>\n<li>Descripci\u00f3n general de las medidas t\u00e9cnicas y organizativas de seguridad.<\/li>\n<\/ul>\n<p><strong>Delegado de protecci\u00f3n de datos a LRSJ<br \/>\n<\/strong><\/p>\n<p>Direcci\u00f3n electr\u00f3nica: <a href=\"mailto:info@larosasantjordi.cat\">info@larosasantjordi.cat<\/a><\/p>\n<p>Direcci\u00f3n postal: Girona, 53 Local, 08009 Barcelona<\/p>\n<p>Tel\u00e9fono: +34 697264084<\/p>\n<p>Horario de atenci\u00f3n al p\u00fablico: De 9 a 14 h y de 15 a 18 h de lunes a jueves; viernes de 9 a 15 h.<\/p>\n<p>Del 1 de junio al 30 de septiembre, durante el periodo navide\u00f1o y en Semana Santa el horario de atenci\u00f3n al p\u00fablico es de 8 a 15 h.<\/p>\n<p><strong>M\u00e1s informaci\u00f3n sobre la pol\u00edtica de protecci\u00f3n de datos<\/strong><\/p>\n<p><a href=\"https:\/\/apdcat.gencat.cat\/web\/.content\/03-documentacio\/Reglament_general_de_proteccio_de_dades\/documents\/RGPD-Cat.pdf\">Reglamento (UE) 2016\/679 del Parlamento Europeo y del Consejo, de 27 de abril de 2016, relativo a la protecci\u00f3n de las personas f\u00edsicas en cuanto al tratamiento de datos personales y a la libre circulaci\u00f3n de estos datos y por el cual se deroga la Directiva 95\/46\/CE (Reglamento general de protecci\u00f3n de datos)<\/a><\/p>\n<p><a href=\"https:\/\/apdcat.gencat.cat\/ca\/inici\">Autoridad Catalana de Protecci\u00f3n de Datos (APDCAT)<\/a><\/p>\n<\/div>\n<p>[\/vc_column_text][\/vc_column][\/vc_row]<\/p>\n<\/section>","protected":false},"excerpt":{"rendered":"<p>[vc_row][vc_column css=&#8221;.vc_custom_1676632889001{padding-top: 50px !important;}&#8221;][vc_column_text el_class=&#8221;&#8221;] Pol\u00edtica de protecci\u00f3n de datos de car\u00e1cter personal La Rosa Sant Jordi, de ahora en adelante LRSJ, garantiza la privacidad de los datos que obtiene de sus usuarios de acuerdo con las exigencias legales vigentes, e informa sobre su pol\u00edtica de protecci\u00f3n de datos de car\u00e1cter personal para que los [&hellip;]<\/p>\n","protected":false},"author":1,"featured_media":0,"parent":0,"menu_order":0,"comment_status":"closed","ping_status":"closed","template":"","meta":{"footnotes":""},"class_list":["post-5750","page","type-page","status-publish","hentry"],"_links":{"self":[{"href":"https:\/\/larosasantjordi.cat\/es\/wp-json\/wp\/v2\/pages\/5750","targetHints":{"allow":["GET"]}}],"collection":[{"href":"https:\/\/larosasantjordi.cat\/es\/wp-json\/wp\/v2\/pages"}],"about":[{"href":"https:\/\/larosasantjordi.cat\/es\/wp-json\/wp\/v2\/types\/page"}],"author":[{"embeddable":true,"href":"https:\/\/larosasantjordi.cat\/es\/wp-json\/wp\/v2\/users\/1"}],"replies":[{"embeddable":true,"href":"https:\/\/larosasantjordi.cat\/es\/wp-json\/wp\/v2\/comments?post=5750"}],"version-history":[{"count":4,"href":"https:\/\/larosasantjordi.cat\/es\/wp-json\/wp\/v2\/pages\/5750\/revisions"}],"predecessor-version":[{"id":5754,"href":"https:\/\/larosasantjordi.cat\/es\/wp-json\/wp\/v2\/pages\/5750\/revisions\/5754"}],"wp:attachment":[{"href":"https:\/\/larosasantjordi.cat\/es\/wp-json\/wp\/v2\/media?parent=5750"}],"curies":[{"name":"wp","href":"https:\/\/api.w.org\/{rel}","templated":true}]}}