{"id":6492,"date":"2024-02-22T11:25:40","date_gmt":"2024-02-22T10:25:40","guid":{"rendered":"https:\/\/larosasantjordi.cat\/?post_type=product&#038;p=6492"},"modified":"2025-04-21T20:59:58","modified_gmt":"2025-04-21T18:59:58","slug":"personaliza-tu-pack","status":"publish","type":"product","link":"https:\/\/larosasantjordi.cat\/es\/product\/personaliza-tu-pack\/","title":{"rendered":"Personaliza tu Pack"},"content":{"rendered":"<p>La Rosa Red Naomi es una variedad de rosa vibrante y llamatiba que mide 50 cm de altura. Con su bello color rojo intenso, es una opci\u00f3n popular para la decoraci\u00f3n de jardines y arreglos florales.<\/p>\n<p>Entre las caracter\u00edsticas de la Rosa Red Naomi destacan su resistencia y durabilidad.<\/p>\n<p>Esta rosa es capaz de sobrevivir en condiciones adversas y requiere poco mantenimiento, la cual cosa la hace ideal para aquellos que quieran disfrutar de un bello jard\u00f3n sin tener que dedicar demasiado tiempo a su cuidado.<\/p>\n<p>Adem\u00e1s, la Rosa Red Naomi es una rosa muy perfumada, lo cual la hace ideal para usar en arreglos florales.<\/p>\n<p>Su aroma dulce y suave es perfecto para crear un ambiente acogedor y rom\u00e1ntico en cualquier hogar.<\/p>\n<p>Otra de las ventajas de la Rosa Red Naomi es su tama\u00f1o. Con sus 50 cm de altura, es una rosa impresionante que har\u00e1 una declaraci\u00f3n impactante en cualquier jard\u00edn o arreglo floral.<\/p>\n","protected":false},"excerpt":{"rendered":"<p>Selecciona el volumen de rosas Red Naomi de 50cm.<\/p>\n<p>&nbsp;<\/p>\n<p>Cada 50 unidades, se incluye:<\/p>\n<p>\u2013 50 rosas Red Naomi 50 cm<br \/>\n\u2013 50 espigas modelo Classic<br \/>\n\u2013 50 envoltorios edici\u00f3n \u201cEspecial Sant Jordi\u201d<br \/>\n\u2013 50 cierres<br \/>\n\u2013 1 cubeta con agua tratada<br \/>\n\u2013 1 caja transportadora \u2018La Rosa Sant Jordi\u2019<\/p>\n<p>&nbsp;<\/p>\n<p>Esta secci\u00f3n est\u00e1 pensada para grandes volumenes, tienes otras opciones de menor volumen\u00a0aqu\u00ed<\/p>\n<p>La recogida de rosas se realizar\u00e1 el 22 de Abril entre 09:00 y 18:00 en nuestro almac\u00e9n en Hospitalet de Llobregat. Recibir\u00e1s toda la informaci\u00f3n y direcci\u00f3n al realizar el pedido \ud83d\ude42<\/p>\n<p>&nbsp;<\/p>\n<p>&nbsp;<\/p>\n<p>&nbsp;<\/p>\n","protected":false},"featured_media":6434,"template":"","meta":[],"product_brand":[],"product_cat":[117],"product_tag":[],"class_list":{"0":"post-6492","1":"product","2":"type-product","3":"status-publish","4":"has-post-thumbnail","6":"product_cat-uncategorized-es","8":"first","9":"instock","10":"taxable","11":"shipping-taxable","12":"purchasable","13":"product-type-variable","14":"has-default-attributes"},"_links":{"self":[{"href":"https:\/\/larosasantjordi.cat\/es\/wp-json\/wp\/v2\/product\/6492","targetHints":{"allow":["GET"]}}],"collection":[{"href":"https:\/\/larosasantjordi.cat\/es\/wp-json\/wp\/v2\/product"}],"about":[{"href":"https:\/\/larosasantjordi.cat\/es\/wp-json\/wp\/v2\/types\/product"}],"wp:featuredmedia":[{"embeddable":true,"href":"https:\/\/larosasantjordi.cat\/es\/wp-json\/wp\/v2\/media\/6434"}],"wp:attachment":[{"href":"https:\/\/larosasantjordi.cat\/es\/wp-json\/wp\/v2\/media?parent=6492"}],"wp:term":[{"taxonomy":"product_brand","embeddable":true,"href":"https:\/\/larosasantjordi.cat\/es\/wp-json\/wp\/v2\/product_brand?post=6492"},{"taxonomy":"product_cat","embeddable":true,"href":"https:\/\/larosasantjordi.cat\/es\/wp-json\/wp\/v2\/product_cat?post=6492"},{"taxonomy":"product_tag","embeddable":true,"href":"https:\/\/larosasantjordi.cat\/es\/wp-json\/wp\/v2\/product_tag?post=6492"}],"curies":[{"name":"wp","href":"https:\/\/api.w.org\/{rel}","templated":true}]}}